{"id":2,"date":"2023-05-20T08:50:18","date_gmt":"2023-05-20T08:50:18","guid":{"rendered":"https:\/\/web.rkinformatika.net\/robertolopeztorre\/?page_id=2"},"modified":"2023-05-24T20:35:40","modified_gmt":"2023-05-24T20:35:40","slug":"inicio","status":"publish","type":"page","link":"https:\/\/robertolopeztorre.com\/pt\/","title":{"rendered":"Inicio"},"content":{"rendered":"<div data-elementor-type=\"wp-page\" data-elementor-id=\"2\" class=\"elementor elementor-2\" data-elementor-post-type=\"page\">\n\t\t\t\t\t\t<section class=\"elementor-section elementor-top-section elementor-element elementor-element-81c8c4e elementor-section-boxed elementor-section-height-default elementor-section-height-default\" data-id=\"81c8c4e\" data-element_type=\"section\" data-e-type=\"section\" data-settings=\"{&quot;background_background&quot;:&quot;classic&quot;}\">\n\t\t\t\t\t\t\t<div class=\"elementor-background-overlay\"><\/div>\n\t\t\t\t\t\t\t<div class=\"elementor-container elementor-column-gap-default\">\n\t\t\t\t\t<div class=\"elementor-column elementor-col-100 elementor-top-column elementor-element elementor-element-a373aa3\" data-id=\"a373aa3\" data-element_type=\"column\" data-e-type=\"column\">\n\t\t\t<div class=\"elementor-widget-wrap\">\n\t\t\t\t\t\t\t<\/div>\n\t\t<\/div>\n\t\t\t\t\t<\/div>\n\t\t<\/section>\n\t\t\t\t<section class=\"elementor-section elementor-top-section elementor-element elementor-element-2062edaf elementor-section-boxed elementor-section-height-default elementor-section-height-default\" data-id=\"2062edaf\" data-element_type=\"section\" data-e-type=\"section\">\n\t\t\t\t\t\t<div class=\"elementor-container elementor-column-gap-default\">\n\t\t\t\t\t<div class=\"elementor-column elementor-col-50 elementor-top-column elementor-element elementor-element-5d8315ca\" data-id=\"5d8315ca\" data-element_type=\"column\" data-e-type=\"column\">\n\t\t\t<div class=\"elementor-widget-wrap elementor-element-populated\">\n\t\t\t\t\t\t<section class=\"elementor-section elementor-inner-section elementor-element elementor-element-666ab284 elementor-section-boxed elementor-section-height-default elementor-section-height-default\" data-id=\"666ab284\" data-element_type=\"section\" data-e-type=\"section\">\n\t\t\t\t\t\t<div class=\"elementor-container elementor-column-gap-default\">\n\t\t\t\t\t<div class=\"elementor-column elementor-col-100 elementor-inner-column elementor-element elementor-element-280820c2\" data-id=\"280820c2\" data-element_type=\"column\" data-e-type=\"column\">\n\t\t\t<div class=\"elementor-widget-wrap elementor-element-populated\">\n\t\t\t\t\t\t<div class=\"elementor-element elementor-element-73da72f6 elementor-widget__width-auto elementor-invisible elementor-widget elementor-widget-heading\" data-id=\"73da72f6\" data-element_type=\"widget\" data-e-type=\"widget\" data-settings=\"{&quot;_animation&quot;:&quot;fadeInUp&quot;}\" data-widget_type=\"heading.default\">\n\t\t\t\t<div class=\"elementor-widget-container\">\n\t\t\t\t\t<h6 class=\"elementor-heading-title elementor-size-default\">Sobre n\u00f3s<\/h6>\t\t\t\t<\/div>\n\t\t\t\t<\/div>\n\t\t\t\t<div class=\"elementor-element elementor-element-32f64424 elementor-invisible elementor-widget elementor-widget-heading\" data-id=\"32f64424\" data-element_type=\"widget\" data-e-type=\"widget\" data-settings=\"{&quot;_animation&quot;:&quot;slideInUp&quot;}\" data-widget_type=\"heading.default\">\n\t\t\t\t<div class=\"elementor-widget-container\">\n\t\t\t\t\t<h3 class=\"elementor-heading-title elementor-size-default\">Empresa de transporte moderna e confiav\u00e9l<\/h3>\t\t\t\t<\/div>\n\t\t\t\t<\/div>\n\t\t\t\t\t<\/div>\n\t\t<\/div>\n\t\t\t\t\t<\/div>\n\t\t<\/section>\n\t\t\t\t<div class=\"elementor-element elementor-element-6945dbfa elementor-invisible elementor-widget elementor-widget-heading\" data-id=\"6945dbfa\" data-element_type=\"widget\" data-e-type=\"widget\" data-settings=\"{&quot;_animation&quot;:&quot;slideInUp&quot;}\" data-widget_type=\"heading.default\">\n\t\t\t\t<div class=\"elementor-widget-container\">\n\t\t\t\t\t<h4 class=\"elementor-heading-title elementor-size-default\">20 anos oferecendo qualidade, seguran\u00e7a e agilidade em cada entrega.<\/h4>\t\t\t\t<\/div>\n\t\t\t\t<\/div>\n\t\t\t\t<div class=\"elementor-element elementor-element-66a21038 elementor-invisible elementor-widget elementor-widget-text-editor\" data-id=\"66a21038\" data-element_type=\"widget\" data-e-type=\"widget\" data-settings=\"{&quot;_animation&quot;:&quot;fadeInUp&quot;}\" data-widget_type=\"text-editor.default\">\n\t\t\t\t<div class=\"elementor-widget-container\">\n\t\t\t\t\t\t\t\t\t<p>Se voc\u00ea est\u00e1 procurando uma empresa de transporte confi\u00e1vel e eficiente na bela regi\u00e3o da Biskaia, n\u00e3o procure mais, nosso estabelecimento altamente qualificado. Nossa empresa se dedica a fornecer servi\u00e7os de transporte de alta qualidade sem igual no setor.<\/p><p>Nossa equipe altamente treinada est\u00e1 empenhada em fornecer solu\u00e7\u00f5es de transporte personalizadas que atendam \u00e0s suas necessidades espec\u00edficas, por mais complexas ou desafiadoras que sejam. Temos orgulho de nossa aten\u00e7\u00e3o aos detalhes, atendimento ao cliente de alto n\u00edvel e compromisso inabal\u00e1vel com a excel\u00eancia, e trabalhamos incansavelmente para superar suas expectativas sempre. Ent\u00e3o, por que esperar? Entre em contato conosco hoje para agendar suas necessidades de transporte e experimentar o melhor em servi\u00e7os de transporte em Biskaia.<\/p>\t\t\t\t\t\t\t\t<\/div>\n\t\t\t\t<\/div>\n\t\t\t\t<div class=\"elementor-element elementor-element-7e78f3bd elementor-invisible elementor-widget elementor-widget-button\" data-id=\"7e78f3bd\" data-element_type=\"widget\" data-e-type=\"widget\" data-settings=\"{&quot;_animation&quot;:&quot;fadeInUp&quot;}\" data-widget_type=\"button.default\">\n\t\t\t\t<div class=\"elementor-widget-container\">\n\t\t\t\t\t\t\t\t\t<div class=\"elementor-button-wrapper\">\n\t\t\t\t\t<a class=\"elementor-button elementor-button-link elementor-size-sm elementor-animation-float\" href=\"https:\/\/robertolopeztorre.com\/index.php\/contacto\/\">\n\t\t\t\t\t\t<span class=\"elementor-button-content-wrapper\">\n\t\t\t\t\t\t\t\t\t<span class=\"elementor-button-text\">Or\u00e7amento<\/span>\n\t\t\t\t\t<\/span>\n\t\t\t\t\t<\/a>\n\t\t\t\t<\/div>\n\t\t\t\t\t\t\t\t<\/div>\n\t\t\t\t<\/div>\n\t\t\t\t\t<\/div>\n\t\t<\/div>\n\t\t\t\t<div class=\"elementor-column elementor-col-50 elementor-top-column elementor-element elementor-element-7c2aa896\" data-id=\"7c2aa896\" data-element_type=\"column\" data-e-type=\"column\">\n\t\t\t<div class=\"elementor-widget-wrap elementor-element-populated\">\n\t\t\t\t\t\t<div class=\"elementor-element elementor-element-19e3ea3 elementor-widget__width-initial elementor-invisible elementor-widget elementor-widget-image\" data-id=\"19e3ea3\" data-element_type=\"widget\" data-e-type=\"widget\" data-settings=\"{&quot;_animation&quot;:&quot;fadeInRight&quot;}\" data-widget_type=\"image.default\">\n\t\t\t\t<div class=\"elementor-widget-container\">\n\t\t\t\t\t\t\t\t\t\t\t\t\t\t\t<img fetchpriority=\"high\" decoding=\"async\" width=\"800\" height=\"833\" src=\"https:\/\/robertolopeztorre.com\/wp-content\/uploads\/2023\/05\/roberto-lopez-torre-g2-983x1024.png\" class=\"attachment-large size-large wp-image-639\" alt=\"\" srcset=\"https:\/\/robertolopeztorre.com\/wp-content\/uploads\/2023\/05\/roberto-lopez-torre-g2-983x1024.png 983w, https:\/\/robertolopeztorre.com\/wp-content\/uploads\/2023\/05\/roberto-lopez-torre-g2-288x300.png 288w, https:\/\/robertolopeztorre.com\/wp-content\/uploads\/2023\/05\/roberto-lopez-torre-g2-768x800.png 768w, https:\/\/robertolopeztorre.com\/wp-content\/uploads\/2023\/05\/roberto-lopez-torre-g2.png 1110w\" sizes=\"(max-width: 800px) 100vw, 800px\" \/>\t\t\t\t\t\t\t\t\t\t\t\t\t\t\t<\/div>\n\t\t\t\t<\/div>\n\t\t\t\t\t<\/div>\n\t\t<\/div>\n\t\t\t\t\t<\/div>\n\t\t<\/section>\n\t\t\t\t<section class=\"elementor-section elementor-top-section elementor-element elementor-element-689108c6 elementor-section-boxed elementor-section-height-default elementor-section-height-default\" data-id=\"689108c6\" data-element_type=\"section\" data-e-type=\"section\" data-settings=\"{&quot;background_background&quot;:&quot;classic&quot;}\">\n\t\t\t\t\t\t\t<div class=\"elementor-background-overlay\"><\/div>\n\t\t\t\t\t\t\t<div class=\"elementor-container elementor-column-gap-default\">\n\t\t\t\t\t<div class=\"elementor-column elementor-col-100 elementor-top-column elementor-element elementor-element-35c36a2e\" data-id=\"35c36a2e\" data-element_type=\"column\" data-e-type=\"column\">\n\t\t\t<div class=\"elementor-widget-wrap elementor-element-populated\">\n\t\t\t\t\t\t<section class=\"elementor-section elementor-inner-section elementor-element elementor-element-6f093de5 elementor-section-boxed elementor-section-height-default elementor-section-height-default\" data-id=\"6f093de5\" data-element_type=\"section\" data-e-type=\"section\">\n\t\t\t\t\t\t<div class=\"elementor-container elementor-column-gap-default\">\n\t\t\t\t\t<div class=\"elementor-column elementor-col-100 elementor-inner-column elementor-element elementor-element-3e0a31b9\" data-id=\"3e0a31b9\" data-element_type=\"column\" data-e-type=\"column\">\n\t\t\t<div class=\"elementor-widget-wrap elementor-element-populated\">\n\t\t\t\t\t\t<div class=\"elementor-element elementor-element-314541b1 elementor-widget__width-initial elementor-invisible elementor-widget elementor-widget-heading\" data-id=\"314541b1\" data-element_type=\"widget\" data-e-type=\"widget\" data-settings=\"{&quot;_animation&quot;:&quot;slideInRight&quot;}\" data-widget_type=\"heading.default\">\n\t\t\t\t<div class=\"elementor-widget-container\">\n\t\t\t\t\t<h3 class=\"elementor-heading-title elementor-size-default\">Transporte de mercadorias por rodovias.<\/h3>\t\t\t\t<\/div>\n\t\t\t\t<\/div>\n\t\t\t\t\t<\/div>\n\t\t<\/div>\n\t\t\t\t\t<\/div>\n\t\t<\/section>\n\t\t\t\t\t<\/div>\n\t\t<\/div>\n\t\t\t\t\t<\/div>\n\t\t<\/section>\n\t\t\t\t<\/div>","protected":false},"excerpt":{"rendered":"<p>Sobre nosotros Empresa de transporte moderna y confiable 20 a\u00f1os ofreciendo calidad, seguridad y rapidez en cada entrega. Si buscas una compa\u00f1\u00eda de transporte confiable y eficiente en la hermosa regi\u00f3n de Biskaia, no busques m\u00e1s all\u00e1 de nuestro establecimiento bien valorado. Nuestra compa\u00f1\u00eda se dedica a proporcionar servicios de transporte de alta calidad que [&hellip;]<\/p>\n","protected":false},"author":1,"featured_media":0,"parent":0,"menu_order":0,"comment_status":"closed","ping_status":"closed","template":"elementor_canvas","meta":{"footnotes":""},"class_list":["post-2","page","type-page","status-publish","hentry"],"yoast_head":"<!-- This site is optimized with the Yoast SEO plugin v27.5 - https:\/\/yoast.com\/product\/yoast-seo-wordpress\/ -->\n<title>Inicio - Roberto Lopez Torre<\/title>\n<meta name=\"robots\" content=\"index, follow, max-snippet:-1, max-image-preview:large, max-video-preview:-1\" \/>\n<link rel=\"canonical\" href=\"https:\/\/robertolopeztorre.com\/pt\/\" \/>\n<meta property=\"og:locale\" content=\"pt_PT\" \/>\n<meta property=\"og:type\" content=\"article\" \/>\n<meta property=\"og:title\" content=\"Inicio - Roberto Lopez Torre\" \/>\n<meta property=\"og:description\" content=\"Sobre nosotros Empresa de transporte moderna y confiable 20 a\u00f1os ofreciendo calidad, seguridad y rapidez en cada entrega. Si buscas una compa\u00f1\u00eda de transporte confiable y eficiente en la hermosa regi\u00f3n de Biskaia, no busques m\u00e1s all\u00e1 de nuestro establecimiento bien valorado. Nuestra compa\u00f1\u00eda se dedica a proporcionar servicios de transporte de alta calidad que [&hellip;]\" \/>\n<meta property=\"og:url\" content=\"https:\/\/robertolopeztorre.com\/pt\/\" \/>\n<meta property=\"og:site_name\" content=\"Roberto Lopez Torre\" \/>\n<meta property=\"article:modified_time\" content=\"2023-05-24T20:35:40+00:00\" \/>\n<meta property=\"og:image\" content=\"https:\/\/robertolopeztorre.com\/wp-content\/uploads\/2023\/05\/roberto-lopez-torre-g2-983x1024.png\" \/>\n<meta name=\"twitter:card\" content=\"summary_large_image\" \/>\n<meta name=\"twitter:label1\" content=\"Tempo estimado de leitura\" \/>\n\t<meta name=\"twitter:data1\" content=\"1 minuto\" \/>\n<script type=\"application\/ld+json\" class=\"yoast-schema-graph\">{\"@context\":\"https:\\\/\\\/schema.org\",\"@graph\":[{\"@type\":\"WebPage\",\"@id\":\"https:\\\/\\\/robertolopeztorre.com\\\/\",\"url\":\"https:\\\/\\\/robertolopeztorre.com\\\/\",\"name\":\"Inicio - Roberto Lopez Torre\",\"isPartOf\":{\"@id\":\"https:\\\/\\\/robertolopeztorre.com\\\/#website\"},\"primaryImageOfPage\":{\"@id\":\"https:\\\/\\\/robertolopeztorre.com\\\/#primaryimage\"},\"image\":{\"@id\":\"https:\\\/\\\/robertolopeztorre.com\\\/#primaryimage\"},\"thumbnailUrl\":\"https:\\\/\\\/robertolopeztorre.com\\\/wp-content\\\/uploads\\\/2023\\\/05\\\/roberto-lopez-torre-g2-983x1024.png\",\"datePublished\":\"2023-05-20T08:50:18+00:00\",\"dateModified\":\"2023-05-24T20:35:40+00:00\",\"breadcrumb\":{\"@id\":\"https:\\\/\\\/robertolopeztorre.com\\\/#breadcrumb\"},\"inLanguage\":\"pt-PT\",\"potentialAction\":[{\"@type\":\"ReadAction\",\"target\":[\"https:\\\/\\\/robertolopeztorre.com\\\/\"]}]},{\"@type\":\"ImageObject\",\"inLanguage\":\"pt-PT\",\"@id\":\"https:\\\/\\\/robertolopeztorre.com\\\/#primaryimage\",\"url\":\"https:\\\/\\\/robertolopeztorre.com\\\/wp-content\\\/uploads\\\/2023\\\/05\\\/roberto-lopez-torre-g2-983x1024.png\",\"contentUrl\":\"https:\\\/\\\/robertolopeztorre.com\\\/wp-content\\\/uploads\\\/2023\\\/05\\\/roberto-lopez-torre-g2-983x1024.png\"},{\"@type\":\"BreadcrumbList\",\"@id\":\"https:\\\/\\\/robertolopeztorre.com\\\/#breadcrumb\",\"itemListElement\":[{\"@type\":\"ListItem\",\"position\":1,\"name\":\"Portada\",\"item\":\"https:\\\/\\\/robertolopeztorre.com\\\/\"},{\"@type\":\"ListItem\",\"position\":2,\"name\":\"Inicio\"}]},{\"@type\":\"WebSite\",\"@id\":\"https:\\\/\\\/robertolopeztorre.com\\\/#website\",\"url\":\"https:\\\/\\\/robertolopeztorre.com\\\/\",\"name\":\"Roberto Lopez Torre\",\"description\":\"Transporte de mercanc\u00edas por carretera\",\"publisher\":{\"@id\":\"https:\\\/\\\/robertolopeztorre.com\\\/#organization\"},\"potentialAction\":[{\"@type\":\"SearchAction\",\"target\":{\"@type\":\"EntryPoint\",\"urlTemplate\":\"https:\\\/\\\/robertolopeztorre.com\\\/?s={search_term_string}\"},\"query-input\":{\"@type\":\"PropertyValueSpecification\",\"valueRequired\":true,\"valueName\":\"search_term_string\"}}],\"inLanguage\":\"pt-PT\"},{\"@type\":\"Organization\",\"@id\":\"https:\\\/\\\/robertolopeztorre.com\\\/#organization\",\"name\":\"Roberto Lopez Torre\",\"url\":\"https:\\\/\\\/robertolopeztorre.com\\\/\",\"logo\":{\"@type\":\"ImageObject\",\"inLanguage\":\"pt-PT\",\"@id\":\"https:\\\/\\\/robertolopeztorre.com\\\/#\\\/schema\\\/logo\\\/image\\\/\",\"url\":\"https:\\\/\\\/robertolopeztorre.com\\\/wp-content\\\/uploads\\\/2023\\\/05\\\/cropped-logo-Roberto-Lopez-Torre.png\",\"contentUrl\":\"https:\\\/\\\/robertolopeztorre.com\\\/wp-content\\\/uploads\\\/2023\\\/05\\\/cropped-logo-Roberto-Lopez-Torre.png\",\"width\":433,\"height\":284,\"caption\":\"Roberto Lopez Torre\"},\"image\":{\"@id\":\"https:\\\/\\\/robertolopeztorre.com\\\/#\\\/schema\\\/logo\\\/image\\\/\"}}]}<\/script>\n<!-- \/ Yoast SEO plugin. -->","yoast_head_json":{"title":"Inicio - Roberto Lopez Torre","robots":{"index":"index","follow":"follow","max-snippet":"max-snippet:-1","max-image-preview":"max-image-preview:large","max-video-preview":"max-video-preview:-1"},"canonical":"https:\/\/robertolopeztorre.com\/pt\/","og_locale":"pt_PT","og_type":"article","og_title":"Inicio - Roberto Lopez Torre","og_description":"Sobre nosotros Empresa de transporte moderna y confiable 20 a\u00f1os ofreciendo calidad, seguridad y rapidez en cada entrega. Si buscas una compa\u00f1\u00eda de transporte confiable y eficiente en la hermosa regi\u00f3n de Biskaia, no busques m\u00e1s all\u00e1 de nuestro establecimiento bien valorado. Nuestra compa\u00f1\u00eda se dedica a proporcionar servicios de transporte de alta calidad que [&hellip;]","og_url":"https:\/\/robertolopeztorre.com\/pt\/","og_site_name":"Roberto Lopez Torre","article_modified_time":"2023-05-24T20:35:40+00:00","og_image":[{"url":"https:\/\/robertolopeztorre.com\/wp-content\/uploads\/2023\/05\/roberto-lopez-torre-g2-983x1024.png","type":"","width":"","height":""}],"twitter_card":"summary_large_image","twitter_misc":{"Tempo estimado de leitura":"1 minuto"},"schema":{"@context":"https:\/\/schema.org","@graph":[{"@type":"WebPage","@id":"https:\/\/robertolopeztorre.com\/","url":"https:\/\/robertolopeztorre.com\/","name":"Inicio - Roberto Lopez Torre","isPartOf":{"@id":"https:\/\/robertolopeztorre.com\/#website"},"primaryImageOfPage":{"@id":"https:\/\/robertolopeztorre.com\/#primaryimage"},"image":{"@id":"https:\/\/robertolopeztorre.com\/#primaryimage"},"thumbnailUrl":"https:\/\/robertolopeztorre.com\/wp-content\/uploads\/2023\/05\/roberto-lopez-torre-g2-983x1024.png","datePublished":"2023-05-20T08:50:18+00:00","dateModified":"2023-05-24T20:35:40+00:00","breadcrumb":{"@id":"https:\/\/robertolopeztorre.com\/#breadcrumb"},"inLanguage":"pt-PT","potentialAction":[{"@type":"ReadAction","target":["https:\/\/robertolopeztorre.com\/"]}]},{"@type":"ImageObject","inLanguage":"pt-PT","@id":"https:\/\/robertolopeztorre.com\/#primaryimage","url":"https:\/\/robertolopeztorre.com\/wp-content\/uploads\/2023\/05\/roberto-lopez-torre-g2-983x1024.png","contentUrl":"https:\/\/robertolopeztorre.com\/wp-content\/uploads\/2023\/05\/roberto-lopez-torre-g2-983x1024.png"},{"@type":"BreadcrumbList","@id":"https:\/\/robertolopeztorre.com\/#breadcrumb","itemListElement":[{"@type":"ListItem","position":1,"name":"Portada","item":"https:\/\/robertolopeztorre.com\/"},{"@type":"ListItem","position":2,"name":"Inicio"}]},{"@type":"WebSite","@id":"https:\/\/robertolopeztorre.com\/#website","url":"https:\/\/robertolopeztorre.com\/","name":"Roberto Lopez Torre","description":"Transporte de mercadorias por rodovias.","publisher":{"@id":"https:\/\/robertolopeztorre.com\/#organization"},"potentialAction":[{"@type":"SearchAction","target":{"@type":"EntryPoint","urlTemplate":"https:\/\/robertolopeztorre.com\/?s={search_term_string}"},"query-input":{"@type":"PropertyValueSpecification","valueRequired":true,"valueName":"search_term_string"}}],"inLanguage":"pt-PT"},{"@type":"Organization","@id":"https:\/\/robertolopeztorre.com\/#organization","name":"Roberto Lopez Torre","url":"https:\/\/robertolopeztorre.com\/","logo":{"@type":"ImageObject","inLanguage":"pt-PT","@id":"https:\/\/robertolopeztorre.com\/#\/schema\/logo\/image\/","url":"https:\/\/robertolopeztorre.com\/wp-content\/uploads\/2023\/05\/cropped-logo-Roberto-Lopez-Torre.png","contentUrl":"https:\/\/robertolopeztorre.com\/wp-content\/uploads\/2023\/05\/cropped-logo-Roberto-Lopez-Torre.png","width":433,"height":284,"caption":"Roberto Lopez Torre"},"image":{"@id":"https:\/\/robertolopeztorre.com\/#\/schema\/logo\/image\/"}}]}},"_links":{"self":[{"href":"https:\/\/robertolopeztorre.com\/pt\/wp-json\/wp\/v2\/pages\/2","targetHints":{"allow":["GET"]}}],"collection":[{"href":"https:\/\/robertolopeztorre.com\/pt\/wp-json\/wp\/v2\/pages"}],"about":[{"href":"https:\/\/robertolopeztorre.com\/pt\/wp-json\/wp\/v2\/types\/page"}],"author":[{"embeddable":true,"href":"https:\/\/robertolopeztorre.com\/pt\/wp-json\/wp\/v2\/users\/1"}],"replies":[{"embeddable":true,"href":"https:\/\/robertolopeztorre.com\/pt\/wp-json\/wp\/v2\/comments?post=2"}],"version-history":[{"count":248,"href":"https:\/\/robertolopeztorre.com\/pt\/wp-json\/wp\/v2\/pages\/2\/revisions"}],"predecessor-version":[{"id":863,"href":"https:\/\/robertolopeztorre.com\/pt\/wp-json\/wp\/v2\/pages\/2\/revisions\/863"}],"wp:attachment":[{"href":"https:\/\/robertolopeztorre.com\/pt\/wp-json\/wp\/v2\/media?parent=2"}],"curies":[{"name":"wp","href":"https:\/\/api.w.org\/{rel}","templated":true}]}}